{"id":6,"date":"2022-01-05T09:14:29","date_gmt":"2022-01-05T09:14:29","guid":{"rendered":"https:\/\/www.aisgonter.com\/?page_id=6"},"modified":"2022-01-24T09:23:32","modified_gmt":"2022-01-24T09:23:32","slug":"inicio","status":"publish","type":"page","link":"https:\/\/www.aisgonter.com\/","title":{"rendered":"Inicio"},"content":{"rendered":"\n<div class=\"wp-block-cover alignfull\" style=\"min-height:700px;aspect-ratio:unset;\"><img loading=\"lazy\" decoding=\"async\" width=\"768\" height=\"1024\" class=\"wp-block-cover__image-background wp-image-28\" alt=\"\" src=\"https:\/\/www.aisgonter.com\/wp-content\/uploads\/2022\/01\/WhatsApp-Image-2021-12-14-at-12.23.25.jpeg\" style=\"object-position:46% 0%\" data-object-fit=\"cover\" data-object-position=\"46% 0%\" srcset=\"https:\/\/www.aisgonter.com\/wp-content\/uploads\/2022\/01\/WhatsApp-Image-2021-12-14-at-12.23.25.jpeg 768w, https:\/\/www.aisgonter.com\/wp-content\/uploads\/2022\/01\/WhatsApp-Image-2021-12-14-at-12.23.25-225x300.jpeg 225w\" sizes=\"auto, (max-width: 768px) 100vw, 768px\" \/><div class=\"wp-block-cover__inner-container is-layout-flow wp-block-cover-is-layout-flow\">\n<div style=\"height:80px\" aria-hidden=\"true\" class=\"wp-block-spacer\"><\/div>\n\n\n\n<h1 class=\"has-text-align-center has-neve-link-hover-color-color has-text-color wp-block-heading\"><span style=\"color:#fa5100\" class=\"has-inline-color\">Profesionales en AISLAMIENTOS T\u00c9RMICOS<\/span><\/h1>\n\n\n\n<div class=\"wp-block-buttons is-content-justification-center is-layout-flex wp-block-buttons-is-layout-flex\">\n<div class=\"wp-block-button is-style-primary\"><a class=\"wp-block-button__link\" href=\"https:\/\/www.aisgonter.com\/?pagename=contact\">CONTACTO<\/a><\/div>\n\n\n\n<div class=\"wp-block-button is-style-secondary\"><a class=\"wp-block-button__link\" href=\"https:\/\/www.aisgonter.com\/index.php\/sobre-nosotros\/\">SOBRE NOSOTROS<\/a><\/div>\n<\/div>\n\n\n\n<div style=\"height:80px\" aria-hidden=\"true\" class=\"wp-block-spacer\"><\/div>\n\n\n\n<div style=\"height:80px\" aria-hidden=\"true\" class=\"wp-block-spacer\"><\/div>\n<\/div><\/div>\n\n\n\n<div style=\"height:80px\" aria-hidden=\"true\" class=\"wp-block-spacer\"><\/div>\n\n\n\n<div class=\"wp-block-columns is-layout-flex wp-container-core-columns-is-layout-9d6595d7 wp-block-columns-is-layout-flex\">\n<div class=\"wp-block-column is-layout-flow wp-block-column-is-layout-flow\">\n<div class=\"wp-block-image icon-style is-style-default\"><figure class=\"aligncenter is-resized\"><img loading=\"lazy\" decoding=\"async\" src=\"https:\/\/www.aisgonter.com\/wp-content\/themes\/neve\/assets\/img\/starter-content\/icon-03.svg\" alt=\"\" width=\"48\" height=\"48\"\/><\/figure><\/div>\n\n\n\n<h3 class=\"has-text-align-center has-neve-text-color-color has-text-color wp-block-heading\">Profesionales del sector<\/h3>\n\n\n\n<p class=\"has-text-align-center\">Personal cualificado con m\u00e1s de 10 a\u00f1os en el sector.<\/p>\n\n\n\n<div style=\"height:20px\" aria-hidden=\"true\" class=\"wp-block-spacer\"><\/div>\n<\/div>\n\n\n\n<div class=\"wp-block-column is-layout-flow wp-block-column-is-layout-flow\">\n<div class=\"wp-block-image icon-style is-style-default\"><figure class=\"aligncenter is-resized\"><img loading=\"lazy\" decoding=\"async\" src=\"https:\/\/www.aisgonter.com\/wp-content\/themes\/neve\/assets\/img\/starter-content\/icon-02.svg\" alt=\"\" width=\"48\" height=\"48\"\/><\/figure><\/div>\n\n\n\n<h3 class=\"has-text-align-center has-neve-text-color-color has-text-color wp-block-heading\">Calidad de servicio<\/h3>\n\n\n\n<p class=\"has-text-align-center\">Material y servicios cualificados para la construcci\u00f3n.<\/p>\n\n\n\n<div style=\"height:20px\" aria-hidden=\"true\" class=\"wp-block-spacer\"><\/div>\n<\/div>\n\n\n\n<div class=\"wp-block-column is-layout-flow wp-block-column-is-layout-flow\">\n<div class=\"wp-block-image icon-style is-style-rounded\"><figure class=\"aligncenter is-resized\"><img loading=\"lazy\" decoding=\"async\" src=\"https:\/\/www.aisgonter.com\/wp-content\/themes\/neve\/assets\/img\/starter-content\/icon-01.svg\" alt=\"\" width=\"48\" height=\"48\"\/><\/figure><\/div>\n\n\n\n<h3 class=\"has-text-align-center has-neve-text-color-color has-text-color wp-block-heading\">Resultados eficaces<\/h3>\n\n\n\n<p class=\"has-text-align-center\">Somos una empresa dedicada al buen trabajo en equipo para garantizar buenos resultados.<\/p>\n\n\n\n<div style=\"height:20px\" aria-hidden=\"true\" class=\"wp-block-spacer\"><\/div>\n<\/div>\n<\/div>\n\n\n\n<div class=\"wp-block-cover alignfull has-nv-light-bg-background-color has-background-dim\" style=\"min-height:698px;aspect-ratio:unset;\"><div class=\"wp-block-cover__inner-container is-layout-flow wp-block-cover-is-layout-flow\">\n<div class=\"wp-block-group\"><div class=\"wp-block-group__inner-container is-layout-flow wp-block-group-is-layout-flow\">\n<div style=\"height:80px\" aria-hidden=\"true\" class=\"wp-block-spacer\"><\/div>\n\n\n\n<div class=\"wp-block-columns are-vertically-aligned-center is-layout-flex wp-container-core-columns-is-layout-9d6595d7 wp-block-columns-is-layout-flex\">\n<div class=\"wp-block-column is-vertically-aligned-center is-layout-flow wp-block-column-is-layout-flow\" style=\"flex-basis:390px\">\n<figure class=\"wp-block-image size-large is-resized\"><img loading=\"lazy\" decoding=\"async\" src=\"https:\/\/www.aisgonter.com\/wp-content\/uploads\/2022\/01\/WhatsApp-Image-2022-01-11-at-09.43.05-edited-767x1024.jpeg\" alt=\"\" class=\"wp-image-85\" width=\"384\" height=\"512\" srcset=\"https:\/\/www.aisgonter.com\/wp-content\/uploads\/2022\/01\/WhatsApp-Image-2022-01-11-at-09.43.05-edited-767x1024.jpeg 767w, https:\/\/www.aisgonter.com\/wp-content\/uploads\/2022\/01\/WhatsApp-Image-2022-01-11-at-09.43.05-edited-225x300.jpeg 225w, https:\/\/www.aisgonter.com\/wp-content\/uploads\/2022\/01\/WhatsApp-Image-2022-01-11-at-09.43.05-edited-768x1026.jpeg 768w, https:\/\/www.aisgonter.com\/wp-content\/uploads\/2022\/01\/WhatsApp-Image-2022-01-11-at-09.43.05-edited.jpeg 998w\" sizes=\"auto, (max-width: 384px) 100vw, 384px\" \/><\/figure>\n<\/div>\n\n\n\n<div class=\"wp-block-column is-vertically-aligned-center has-nv-site-bg-color has-text-color is-layout-flow wp-block-column-is-layout-flow\">\n<h2 class=\"has-text-align-left has-neve-text-color-color has-text-color wp-block-heading\">Aislamientos t\u00e9rmicos en\u00a0<strong>Lleida<\/strong><\/h2>\n\n\n\n<p class=\"has-neve-link-color-color has-text-color\">En Aisgonter trabajamos en la instalaci\u00f3n, reparaci\u00f3n y mantenimiento de calorifugador y aislamientos t\u00e9rmicos.<\/p>\n\n\n\n<div class=\"wp-block-buttons is-content-justification-left is-layout-flex wp-block-buttons-is-layout-flex\">\n<div class=\"wp-block-button is-style-primary\"><a class=\"wp-block-button__link\" href=\"https:\/\/www.aisgonter.com\/index.php\/servicios\/\">NUESTROS SERVICIOS<\/a><\/div>\n<\/div>\n<\/div>\n<\/div>\n\n\n\n<div style=\"height:40px\" aria-hidden=\"true\" class=\"wp-block-spacer\"><\/div>\n<\/div><\/div>\n\n\n\n<p><\/p>\n<\/div><\/div>\n\n\n\n<div class=\"wp-block-cover alignfull has-nv-site-bg-background-color has-background-dim\" style=\"min-height:600px;aspect-ratio:unset;\"><div class=\"wp-block-cover__inner-container is-layout-flow wp-block-cover-is-layout-flow\">\n<div class=\"wp-block-group\"><div class=\"wp-block-group__inner-container is-layout-flow wp-block-group-is-layout-flow\">\n<div style=\"height:80px\" aria-hidden=\"true\" class=\"wp-block-spacer\"><\/div>\n\n\n\n<div class=\"wp-block-columns are-vertically-aligned-center is-layout-flex wp-container-core-columns-is-layout-9d6595d7 wp-block-columns-is-layout-flex\">\n<div class=\"wp-block-column is-vertically-aligned-center is-layout-flow wp-block-column-is-layout-flow\" style=\"flex-basis:50%\">\n<h2 class=\"has-text-align-left has-neve-text-color-color has-text-color wp-block-heading\">Productos<\/h2>\n\n\n\n<p class=\"has-neve-link-color-color has-text-color\">En Aisgonter utilizamos productos con la mejor materia prima, de primera marca, y<br>materiales aislantes de \u00faltima generaci\u00f3n, siempre respetando el medio ambiente.<br>En funci\u00f3n de la temperatura a aislar, utilizaremos diferentes productos, los cuales<br>contar\u00e1n con su certificado de calidad correspondiente. Adem\u00e1s, siempre trabajamos<br>con las medidas de seguridad necesarias, asegurando as\u00ed un trabajo mucho m\u00e1s<br>\u00f3ptimo.<\/p>\n\n\n\n<div class=\"wp-block-buttons is-content-justification-left is-layout-flex wp-block-buttons-is-layout-flex\">\n<div class=\"wp-block-button is-style-primary\"><a class=\"wp-block-button__link\" href=\"https:\/\/www.aisgonter.com\/index.php\/productos\/\">NUESTROS PRODUCTOS<\/a><\/div>\n<\/div>\n\n\n\n<div style=\"height:40px\" aria-hidden=\"true\" class=\"wp-block-spacer\"><\/div>\n<\/div>\n\n\n\n<div class=\"wp-block-column is-vertically-aligned-center is-layout-flow wp-block-column-is-layout-flow\" style=\"flex-basis:50%\">\n<figure class=\"wp-block-image size-full\"><img loading=\"lazy\" decoding=\"async\" width=\"826\" height=\"826\" src=\"https:\/\/www.aisgonter.com\/wp-content\/uploads\/2022\/01\/METRO-AISLAMIENTO-ARMAFLEX-XG-19-X-12-ARMACELL_AISLAMIENTO-ARMACELL_23503_2.jpeg\" alt=\"\" class=\"wp-image-155\" srcset=\"https:\/\/www.aisgonter.com\/wp-content\/uploads\/2022\/01\/METRO-AISLAMIENTO-ARMAFLEX-XG-19-X-12-ARMACELL_AISLAMIENTO-ARMACELL_23503_2.jpeg 826w, https:\/\/www.aisgonter.com\/wp-content\/uploads\/2022\/01\/METRO-AISLAMIENTO-ARMAFLEX-XG-19-X-12-ARMACELL_AISLAMIENTO-ARMACELL_23503_2-300x300.jpeg 300w, https:\/\/www.aisgonter.com\/wp-content\/uploads\/2022\/01\/METRO-AISLAMIENTO-ARMAFLEX-XG-19-X-12-ARMACELL_AISLAMIENTO-ARMACELL_23503_2-150x150.jpeg 150w, https:\/\/www.aisgonter.com\/wp-content\/uploads\/2022\/01\/METRO-AISLAMIENTO-ARMAFLEX-XG-19-X-12-ARMACELL_AISLAMIENTO-ARMACELL_23503_2-768x768.jpeg 768w\" sizes=\"auto, (max-width: 826px) 100vw, 826px\" \/><\/figure>\n<\/div>\n<\/div>\n\n\n\n<div style=\"height:40px\" aria-hidden=\"true\" class=\"wp-block-spacer\"><\/div>\n<\/div><\/div>\n<\/div><\/div>\n\n\n\n<div class=\"wp-block-cover alignfull has-nv-light-bg-background-color has-background-dim\" style=\"min-height:600px;aspect-ratio:unset;\"><div class=\"wp-block-cover__inner-container is-layout-flow wp-block-cover-is-layout-flow\">\n<div class=\"wp-block-group\"><div class=\"wp-block-group__inner-container is-layout-flow wp-block-group-is-layout-flow\">\n<div style=\"height:80px\" aria-hidden=\"true\" class=\"wp-block-spacer\"><\/div>\n\n\n\n<div class=\"wp-block-columns are-vertically-aligned-center is-layout-flex wp-container-core-columns-is-layout-9d6595d7 wp-block-columns-is-layout-flex\">\n<div class=\"wp-block-column is-vertically-aligned-center is-layout-flow wp-block-column-is-layout-flow\" style=\"flex-basis:50%\">\n<figure class=\"wp-block-image size-large\"><img loading=\"lazy\" decoding=\"async\" width=\"1024\" height=\"576\" src=\"https:\/\/www.aisgonter.com\/wp-content\/uploads\/2022\/01\/direccionempresa_principal-1024x576.jpg\" alt=\"\" class=\"wp-image-102\" srcset=\"https:\/\/www.aisgonter.com\/wp-content\/uploads\/2022\/01\/direccionempresa_principal-1024x576.jpg 1024w, https:\/\/www.aisgonter.com\/wp-content\/uploads\/2022\/01\/direccionempresa_principal-300x169.jpg 300w, https:\/\/www.aisgonter.com\/wp-content\/uploads\/2022\/01\/direccionempresa_principal-768x432.jpg 768w, https:\/\/www.aisgonter.com\/wp-content\/uploads\/2022\/01\/direccionempresa_principal.jpg 1500w\" sizes=\"auto, (max-width: 1024px) 100vw, 1024px\" \/><\/figure>\n<\/div>\n\n\n\n<div class=\"wp-block-column is-vertically-aligned-center is-layout-flow wp-block-column-is-layout-flow\" style=\"flex-basis:50%\">\n<div style=\"height:40px\" aria-hidden=\"true\" class=\"wp-block-spacer\"><\/div>\n\n\n\n<h2 class=\"has-text-align-left has-neve-link-color-color has-text-color wp-block-heading\">PROYECTOS hechos a medida<\/h2>\n\n\n\n<p class=\"has-text-align-left has-neve-link-color-color has-text-color\" style=\"font-size:17px\">&#8211;<\/p>\n\n\n\n<div class=\"wp-block-buttons is-content-justification-left is-layout-flex wp-block-buttons-is-layout-flex\">\n<div class=\"wp-block-button is-style-primary\"><a class=\"wp-block-button__link\" href=\"#\">NUESTROS MEJORES PROYECTOS<\/a><\/div>\n<\/div>\n<\/div>\n<\/div>\n\n\n\n<div style=\"height:40px\" aria-hidden=\"true\" class=\"wp-block-spacer\"><\/div>\n<\/div><\/div>\n<\/div><\/div>\n\n\n\n<div class=\"wp-block-cover alignfull has-neve-link-color-background-color has-background-dim\" style=\"min-height:300px;aspect-ratio:unset;\"><div class=\"wp-block-cover__inner-container is-layout-flow wp-block-cover-is-layout-flow\">\n<div style=\"height:140px\" aria-hidden=\"true\" class=\"wp-block-spacer\"><\/div>\n\n\n\n<h2 class=\"has-text-align-center has-nv-site-bg-color has-text-color wp-block-heading\">Necesitas informaci\u00f3n? Contacta con nosotros!<\/h2>\n\n\n\n<div class=\"wp-block-group alignfull\"><div class=\"wp-block-group__inner-container is-layout-flow wp-block-group-is-layout-flow\">\n<div class=\"wp-block-columns is-layout-flex wp-container-core-columns-is-layout-9d6595d7 wp-block-columns-is-layout-flex\">\n<div class=\"wp-block-column is-vertically-aligned-top is-layout-flow wp-block-column-is-layout-flow\" style=\"flex-basis:100%\">\n<div class=\"wp-block-buttons alignfull is-content-justification-center is-layout-flex wp-block-buttons-is-layout-flex\">\n<div class=\"wp-block-button is-style-primary\"><a class=\"wp-block-button__link\" href=\"https:\/\/www.aisgonter.com\/?pagename=contact\">ESCR\u00cdBENOS<\/a><\/div>\n<\/div>\n<\/div>\n<\/div>\n<\/div><\/div>\n<\/div><\/div>\n","protected":false},"excerpt":{"rendered":"<p>Profesionales del sector Personal cualificado con m\u00e1s de 10 a\u00f1os en el sector. Calidad de servicio Material y servicios cualificados para la construcci\u00f3n. Resultados eficaces Somos una empresa dedicada al buen trabajo en equipo para garantizar buenos resultados.<\/p>\n","protected":false},"author":1,"featured_media":0,"parent":0,"menu_order":0,"comment_status":"closed","ping_status":"closed","template":"","meta":{"neve_meta_sidebar":"","neve_meta_container":"","neve_meta_enable_content_width":"on","neve_meta_content_width":100,"neve_meta_title_alignment":"","neve_meta_author_avatar":"","neve_post_elements_order":"","neve_meta_disable_header":"","neve_meta_disable_footer":"","neve_meta_disable_title":"on","footnotes":""},"class_list":["post-6","page","type-page","status-publish","hentry"],"jetpack_sharing_enabled":true,"_links":{"self":[{"href":"https:\/\/www.aisgonter.com\/index.php\/wp-json\/wp\/v2\/pages\/6","targetHints":{"allow":["GET"]}}],"collection":[{"href":"https:\/\/www.aisgonter.com\/index.php\/wp-json\/wp\/v2\/pages"}],"about":[{"href":"https:\/\/www.aisgonter.com\/index.php\/wp-json\/wp\/v2\/types\/page"}],"author":[{"embeddable":true,"href":"https:\/\/www.aisgonter.com\/index.php\/wp-json\/wp\/v2\/users\/1"}],"replies":[{"embeddable":true,"href":"https:\/\/www.aisgonter.com\/index.php\/wp-json\/wp\/v2\/comments?post=6"}],"version-history":[{"count":42,"href":"https:\/\/www.aisgonter.com\/index.php\/wp-json\/wp\/v2\/pages\/6\/revisions"}],"predecessor-version":[{"id":200,"href":"https:\/\/www.aisgonter.com\/index.php\/wp-json\/wp\/v2\/pages\/6\/revisions\/200"}],"wp:attachment":[{"href":"https:\/\/www.aisgonter.com\/index.php\/wp-json\/wp\/v2\/media?parent=6"}],"curies":[{"name":"wp","href":"https:\/\/api.w.org\/{rel}","templated":true}]}}