{"id":7,"date":"2022-01-05T09:14:29","date_gmt":"2022-01-05T09:14:29","guid":{"rendered":"https:\/\/www.aisgonter.com\/?page_id=7"},"modified":"2022-01-25T09:27:29","modified_gmt":"2022-01-25T09:27:29","slug":"sobre-nosotros","status":"publish","type":"page","link":"https:\/\/www.aisgonter.com\/index.php\/sobre-nosotros\/","title":{"rendered":"Sobre Nosotros"},"content":{"rendered":"\n<div class=\"wp-block-cover alignfull has-nv-site-bg-background-color has-background-dim\" style=\"min-height:300px;aspect-ratio:unset;\"><div class=\"wp-block-cover__inner-container is-layout-flow wp-block-cover-is-layout-flow\">\n<div class=\"wp-block-group\"><div class=\"wp-block-group__inner-container is-layout-flow wp-block-group-is-layout-flow\">\n<h1 class=\"has-text-align-left has-neve-text-color-color has-text-color wp-block-heading\">Conoce nuestra filosof\u00eda<\/h1>\n<\/div><\/div>\n\n\n\n<p class=\"has-neve-link-color-color has-text-color\">En Aisgonter basamos nuestra filosof\u00eda en ofrecer servicios que cubran de manera \u00f3ptima las<br>expectativas de nuestros clientes, respondiendo a sus necesidades con agilidad, precisi\u00f3n y<br>responsabilidad. Creemos que el cliente es y siempre ser\u00e1 lo primero, por eso nos esforzamos<br>en ofrecer un trato directo y cercano.<\/p>\n<\/div><\/div>\n\n\n\n<div class=\"wp-block-cover alignfull has-nv-light-bg-background-color has-background-dim\" style=\"min-height:600px;aspect-ratio:unset;\"><div class=\"wp-block-cover__inner-container is-layout-flow wp-block-cover-is-layout-flow\">\n<div class=\"wp-block-group\"><div class=\"wp-block-group__inner-container is-layout-flow wp-block-group-is-layout-flow\">\n<div style=\"height:80px\" aria-hidden=\"true\" class=\"wp-block-spacer\"><\/div>\n\n\n\n<div class=\"wp-block-columns are-vertically-aligned-center is-layout-flex wp-container-core-columns-is-layout-9d6595d7 wp-block-columns-is-layout-flex\">\n<div class=\"wp-block-column is-vertically-aligned-center is-layout-flow wp-block-column-is-layout-flow\" style=\"flex-basis:50%\">\n<figure class=\"wp-block-image size-large\"><img loading=\"lazy\" decoding=\"async\" width=\"1024\" height=\"831\" src=\"https:\/\/www.aisgonter.com\/wp-content\/uploads\/2022\/01\/WhatsApp-Image-2022-01-24-at-22.44.17-1024x831.jpeg\" alt=\"\" class=\"wp-image-234\" srcset=\"https:\/\/www.aisgonter.com\/wp-content\/uploads\/2022\/01\/WhatsApp-Image-2022-01-24-at-22.44.17-1024x831.jpeg 1024w, https:\/\/www.aisgonter.com\/wp-content\/uploads\/2022\/01\/WhatsApp-Image-2022-01-24-at-22.44.17-300x243.jpeg 300w, https:\/\/www.aisgonter.com\/wp-content\/uploads\/2022\/01\/WhatsApp-Image-2022-01-24-at-22.44.17-768x623.jpeg 768w, https:\/\/www.aisgonter.com\/wp-content\/uploads\/2022\/01\/WhatsApp-Image-2022-01-24-at-22.44.17-1536x1246.jpeg 1536w, https:\/\/www.aisgonter.com\/wp-content\/uploads\/2022\/01\/WhatsApp-Image-2022-01-24-at-22.44.17.jpeg 1736w\" sizes=\"auto, (max-width: 1024px) 100vw, 1024px\" \/><\/figure>\n<\/div>\n\n\n\n<div class=\"wp-block-column is-vertically-aligned-center is-layout-flow wp-block-column-is-layout-flow\" style=\"flex-basis:50%\">\n<h2 class=\"has-neve-text-color-color has-text-color wp-block-heading\">Nuestra Historia<\/h2>\n\n\n\n<p class=\"has-neve-link-color-color has-text-color\">Aisgonter es una empresa fundada en 2022, por tres hermanos que cuentan con varios a\u00f1os de<br>experiencia en el sector del aislamiento y calorifugado de tuber\u00edas, dep\u00f3sitos, y otras<br>instalaciones que requieren de aislamiento t\u00e9rmico.<br>Ponemos a disposici\u00f3n de los clientes nuestra plantilla de trabajadores, totalmente<br>cualificados y con gran experiencia en el sector, para realizar cualquier tipo de aislamiento de<br>acuerdo con la exigente normativa actual, ofreciendo en nuestros trabajos una excelente<br>calidad.<\/p>\n<\/div>\n<\/div>\n\n\n\n<div style=\"height:40px\" aria-hidden=\"true\" class=\"wp-block-spacer\"><\/div>\n<\/div><\/div>\n<\/div><\/div>\n\n\n\n<div class=\"wp-block-cover alignfull has-nv-dark-bg-background-color has-background-dim\" style=\"min-height:600px;aspect-ratio:unset;\"><div class=\"wp-block-cover__inner-container is-layout-flow wp-block-cover-is-layout-flow\">\n<div class=\"wp-block-group\"><div class=\"wp-block-group__inner-container is-layout-flow wp-block-group-is-layout-flow\">\n<div style=\"height:80px\" aria-hidden=\"true\" class=\"wp-block-spacer\"><\/div>\n\n\n\n<div class=\"wp-block-columns are-vertically-aligned-center is-layout-flex wp-container-core-columns-is-layout-9d6595d7 wp-block-columns-is-layout-flex\">\n<div class=\"wp-block-column is-vertically-aligned-center is-layout-flow wp-block-column-is-layout-flow\" style=\"flex-basis:50%\">\n<h2 class=\"has-nv-text-dark-bg-color has-text-color wp-block-heading\">Expertos en Aislamientos<\/h2>\n\n\n\n<p>Nuestro trabajo consiste en el aislamiento y recubrimiento met\u00e1lico con aluminio,<br>acero inoxidable y galvanizado en tuber\u00edas, tanques de almacenamiento, conductos,<br>dep\u00f3sitos y cualquier tipo de instalaciones sometidas a altas o bajas temperaturas.<\/p>\n\n\n\n<p><\/p>\n\n\n\n<p><\/p>\n\n\n\n<div style=\"height:20px\" aria-hidden=\"true\" class=\"wp-block-spacer\"><\/div>\n\n\n\n<div class=\"wp-block-buttons is-layout-flex wp-block-buttons-is-layout-flex\">\n<div class=\"wp-block-button is-style-primary\"><a class=\"wp-block-button__link\" href=\"https:\/\/www.aisgonter.com\/index.php\/servicios\/\">CONOCE NUESTROS SERVICIOS<\/a><\/div>\n<\/div>\n\n\n\n<div style=\"height:20px\" aria-hidden=\"true\" class=\"wp-block-spacer\"><\/div>\n<\/div>\n\n\n\n<div class=\"wp-block-column is-vertically-aligned-center is-layout-flow wp-block-column-is-layout-flow\" style=\"flex-basis:50%\">\n<figure class=\"wp-block-image size-large\"><img loading=\"lazy\" decoding=\"async\" width=\"768\" height=\"1024\" src=\"https:\/\/www.aisgonter.com\/wp-content\/uploads\/2022\/01\/WhatsApp-Image-2022-01-11-at-09.44.54-768x1024.jpeg\" alt=\"\" class=\"wp-image-77\" srcset=\"https:\/\/www.aisgonter.com\/wp-content\/uploads\/2022\/01\/WhatsApp-Image-2022-01-11-at-09.44.54-768x1024.jpeg 768w, https:\/\/www.aisgonter.com\/wp-content\/uploads\/2022\/01\/WhatsApp-Image-2022-01-11-at-09.44.54-225x300.jpeg 225w, https:\/\/www.aisgonter.com\/wp-content\/uploads\/2022\/01\/WhatsApp-Image-2022-01-11-at-09.44.54-1152x1536.jpeg 1152w, https:\/\/www.aisgonter.com\/wp-content\/uploads\/2022\/01\/WhatsApp-Image-2022-01-11-at-09.44.54.jpeg 1536w\" sizes=\"auto, (max-width: 768px) 100vw, 768px\" \/><\/figure>\n<\/div>\n<\/div>\n\n\n\n<div style=\"height:40px\" aria-hidden=\"true\" class=\"wp-block-spacer\"><\/div>\n<\/div><\/div>\n<\/div><\/div>\n\n\n\n<div class=\"wp-block-cover alignfull has-nv-site-bg-background-color has-background-dim\" style=\"min-height:420px;aspect-ratio:unset;\"><div class=\"wp-block-cover__inner-container is-layout-flow wp-block-cover-is-layout-flow\">\n<div style=\"height:80px\" aria-hidden=\"true\" class=\"wp-block-spacer\"><\/div>\n\n\n\n<div class=\"wp-block-columns is-layout-flex wp-container-core-columns-is-layout-9d6595d7 wp-block-columns-is-layout-flex\">\n<div class=\"wp-block-column ticss-4ce656f1 is-layout-flow wp-block-column-is-layout-flow\">\n<figure class=\"wp-block-image is-resized icon-style is-style-rounded\"><img loading=\"lazy\" decoding=\"async\" src=\"https:\/\/www.aisgonter.com\/wp-content\/themes\/neve\/assets\/img\/starter-content\/icon-03.svg\" alt=\"\" width=\"48\" height=\"48\"\/><\/figure>\n\n\n\n<h3 class=\"has-text-align-left has-text-align-center has-neve-text-color-color has-text-color wp-block-heading\">Eficiencia r\u00e1pida<\/h3>\n\n\n\n<p class=\"has-text-align-left has-neve-text-color-color has-text-color\" style=\"font-size:15px\">Trabajo eficaz gracias a nuestro equipo.<\/p>\n\n\n\n<div style=\"height:20px\" aria-hidden=\"true\" class=\"wp-block-spacer\"><\/div>\n<\/div>\n\n\n\n<div class=\"wp-block-column ticss-f6fc7494 is-layout-flow wp-block-column-is-layout-flow\">\n<figure class=\"wp-block-image is-resized icon-style is-style-rounded\"><img loading=\"lazy\" decoding=\"async\" src=\"https:\/\/www.aisgonter.com\/wp-content\/themes\/neve\/assets\/img\/starter-content\/icon-03.svg\" alt=\"\" width=\"48\" height=\"48\"\/><\/figure>\n\n\n\n<h3 class=\"has-text-align-left has-text-align-center has-neve-text-color-color has-text-color wp-block-heading\">Atenci\u00f3n con el cliente<\/h3>\n\n\n\n<p class=\"has-text-align-left has-neve-text-color-color has-text-color\" style=\"font-size:15px\">Prioridad y atenci\u00f3n con el cliente y los servicios que ofrecemos.<\/p>\n\n\n\n<div style=\"height:20px\" aria-hidden=\"true\" class=\"wp-block-spacer\"><\/div>\n<\/div>\n\n\n\n<div class=\"wp-block-column ticss-a5b4df29 is-layout-flow wp-block-column-is-layout-flow\">\n<figure class=\"wp-block-image is-resized icon-style is-style-rounded\"><img loading=\"lazy\" decoding=\"async\" src=\"https:\/\/www.aisgonter.com\/wp-content\/themes\/neve\/assets\/img\/starter-content\/icon-03.svg\" alt=\"\" width=\"48\" height=\"48\"\/><\/figure>\n\n\n\n<h3 class=\"has-text-align-left has-text-align-center has-neve-text-color-color has-text-color wp-block-heading\">Cualidades en trabajo<\/h3>\n\n\n\n<p class=\"has-text-align-left has-neve-text-color-color has-text-color\" style=\"font-size:15px\">Trabajamos siempre con los mejores materiales.<\/p>\n\n\n\n<div style=\"height:20px\" aria-hidden=\"true\" class=\"wp-block-spacer\"><\/div>\n<\/div>\n<\/div>\n\n\n\n<div style=\"height:30px\" aria-hidden=\"true\" class=\"wp-block-spacer\"><\/div>\n<\/div><\/div>\n","protected":false},"excerpt":{"rendered":"","protected":false},"author":1,"featured_media":0,"parent":0,"menu_order":0,"comment_status":"closed","ping_status":"closed","template":"","meta":{"neve_meta_sidebar":"","neve_meta_container":"","neve_meta_enable_content_width":"on","neve_meta_content_width":100,"neve_meta_title_alignment":"","neve_meta_author_avatar":"","neve_post_elements_order":"","neve_meta_disable_header":"","neve_meta_disable_footer":"","neve_meta_disable_title":"on","footnotes":""},"class_list":["post-7","page","type-page","status-publish","hentry"],"jetpack_sharing_enabled":true,"_links":{"self":[{"href":"https:\/\/www.aisgonter.com\/index.php\/wp-json\/wp\/v2\/pages\/7","targetHints":{"allow":["GET"]}}],"collection":[{"href":"https:\/\/www.aisgonter.com\/index.php\/wp-json\/wp\/v2\/pages"}],"about":[{"href":"https:\/\/www.aisgonter.com\/index.php\/wp-json\/wp\/v2\/types\/page"}],"author":[{"embeddable":true,"href":"https:\/\/www.aisgonter.com\/index.php\/wp-json\/wp\/v2\/users\/1"}],"replies":[{"embeddable":true,"href":"https:\/\/www.aisgonter.com\/index.php\/wp-json\/wp\/v2\/comments?post=7"}],"version-history":[{"count":14,"href":"https:\/\/www.aisgonter.com\/index.php\/wp-json\/wp\/v2\/pages\/7\/revisions"}],"predecessor-version":[{"id":241,"href":"https:\/\/www.aisgonter.com\/index.php\/wp-json\/wp\/v2\/pages\/7\/revisions\/241"}],"wp:attachment":[{"href":"https:\/\/www.aisgonter.com\/index.php\/wp-json\/wp\/v2\/media?parent=7"}],"curies":[{"name":"wp","href":"https:\/\/api.w.org\/{rel}","templated":true}]}}