{"id":9,"date":"2022-01-05T09:14:29","date_gmt":"2022-01-05T09:14:29","guid":{"rendered":"https:\/\/www.aisgonter.com\/?page_id=9"},"modified":"2022-01-25T07:54:30","modified_gmt":"2022-01-25T07:54:30","slug":"servicios","status":"publish","type":"page","link":"https:\/\/www.aisgonter.com\/index.php\/servicios\/","title":{"rendered":"Servicios"},"content":{"rendered":"\n<div class=\"wp-block-cover alignfull has-nv-site-bg-background-color has-background-dim\" style=\"min-height:300px;aspect-ratio:unset;\"><div class=\"wp-block-cover__inner-container is-layout-flow wp-block-cover-is-layout-flow\">\n<div class=\"wp-block-group\"><div class=\"wp-block-group__inner-container is-layout-flow wp-block-group-is-layout-flow\">\n<h1 class=\"has-text-align-left has-neve-text-color-color has-text-color wp-block-heading\">Servicios que ofrecemos<\/h1>\n<\/div><\/div>\n<\/div><\/div>\n\n\n\n<div class=\"wp-block-cover alignfull has-nv-light-bg-background-color has-background-dim\" style=\"min-height:600px;aspect-ratio:unset;\"><div class=\"wp-block-cover__inner-container is-layout-flow wp-block-cover-is-layout-flow\">\n<div class=\"wp-block-group\"><div class=\"wp-block-group__inner-container is-layout-flow wp-block-group-is-layout-flow\">\n<div style=\"height:80px\" aria-hidden=\"true\" class=\"wp-block-spacer\"><\/div>\n\n\n\n<div class=\"wp-block-columns are-vertically-aligned-center is-layout-flex wp-container-core-columns-is-layout-9d6595d7 wp-block-columns-is-layout-flex\">\n<div class=\"wp-block-column is-vertically-aligned-center is-layout-flow wp-block-column-is-layout-flow\" style=\"flex-basis:50%\">\n<figure class=\"wp-block-image size-full\"><img loading=\"lazy\" decoding=\"async\" width=\"768\" height=\"1024\" src=\"https:\/\/www.aisgonter.com\/wp-content\/uploads\/2022\/01\/WhatsApp-Image-2022-01-11-at-09.41.49.jpeg\" alt=\"\" class=\"wp-image-73\" srcset=\"https:\/\/www.aisgonter.com\/wp-content\/uploads\/2022\/01\/WhatsApp-Image-2022-01-11-at-09.41.49.jpeg 768w, https:\/\/www.aisgonter.com\/wp-content\/uploads\/2022\/01\/WhatsApp-Image-2022-01-11-at-09.41.49-225x300.jpeg 225w\" sizes=\"auto, (max-width: 768px) 100vw, 768px\" \/><\/figure>\n\n\n\n<h3 class=\"has-text-align-center has-neve-text-color-color has-text-color wp-block-heading\">Aislamientos de fluidos calientes<\/h3>\n\n\n\n<p class=\"has-text-align-left has-neve-link-color-color has-text-color\">Calorifugamos y recubrimos instalaciones de fluidos calientes: de vapor y condensado, de<br>aceite t\u00e9rmico, de aire y gases calientes, utilizando lana de roca y fibra de vidrio.<\/p>\n\n\n\n<div class=\"wp-block-buttons is-content-justification-center is-layout-flex wp-block-buttons-is-layout-flex\">\n<div class=\"wp-block-button is-style-primary\"><a class=\"wp-block-button__link\" href=\"#\">M\u00c1S INFORMACI\u00d3N<\/a><\/div>\n<\/div>\n\n\n\n<div style=\"height:40px\" aria-hidden=\"true\" class=\"wp-block-spacer\"><\/div>\n<\/div>\n\n\n\n<div class=\"wp-block-column is-vertically-aligned-center is-layout-flow wp-block-column-is-layout-flow\" style=\"flex-basis:50%\">\n<figure class=\"wp-block-image size-large\"><img loading=\"lazy\" decoding=\"async\" width=\"768\" height=\"1024\" src=\"https:\/\/www.aisgonter.com\/wp-content\/uploads\/2022\/01\/WhatsApp-Image-2022-01-11-at-09.43.31-768x1024.jpeg\" alt=\"\" class=\"wp-image-75\" srcset=\"https:\/\/www.aisgonter.com\/wp-content\/uploads\/2022\/01\/WhatsApp-Image-2022-01-11-at-09.43.31-768x1024.jpeg 768w, https:\/\/www.aisgonter.com\/wp-content\/uploads\/2022\/01\/WhatsApp-Image-2022-01-11-at-09.43.31-225x300.jpeg 225w, https:\/\/www.aisgonter.com\/wp-content\/uploads\/2022\/01\/WhatsApp-Image-2022-01-11-at-09.43.31-1152x1536.jpeg 1152w, https:\/\/www.aisgonter.com\/wp-content\/uploads\/2022\/01\/WhatsApp-Image-2022-01-11-at-09.43.31.jpeg 1536w\" sizes=\"auto, (max-width: 768px) 100vw, 768px\" \/><\/figure>\n\n\n\n<h3 class=\"has-text-align-center has-neve-text-color-color has-text-color wp-block-heading\"><strong>Aislamiento de fluidos fr\u00edo<\/strong><\/h3>\n\n\n\n<p class=\"has-text-align-left has-neve-link-color-color has-text-color\">Calorifugamos y recubrimos instalaciones de fluidos fr\u00edos: t\u00faneles de congelaci\u00f3n e<br>instalaciones criog\u00e9nicas, y sistemas de fr\u00edo con amoniaco, glicol, CO2 , utilizando<br>poliuretano inyectado y espumas elastom\u00e9ricas.<\/p>\n\n\n\n<div class=\"wp-block-buttons is-content-justification-center is-layout-flex wp-block-buttons-is-layout-flex\">\n<div class=\"wp-block-button is-style-primary\"><a class=\"wp-block-button__link\" href=\"#\">M\u00c1S INFORMACI\u00d3N<\/a><\/div>\n<\/div>\n\n\n\n<div style=\"height:40px\" aria-hidden=\"true\" class=\"wp-block-spacer\"><\/div>\n\n\n\n<p><\/p>\n<\/div>\n<\/div>\n\n\n\n<div style=\"height:40px\" aria-hidden=\"true\" class=\"wp-block-spacer\"><\/div>\n<\/div><\/div>\n<\/div><\/div>\n\n\n\n<div class=\"wp-block-cover alignfull has-nv-site-bg-background-color has-background-dim\" style=\"min-height:600px;aspect-ratio:unset;\"><div class=\"wp-block-cover__inner-container is-layout-flow wp-block-cover-is-layout-flow\">\n<div class=\"wp-block-group\"><div class=\"wp-block-group__inner-container is-layout-flow wp-block-group-is-layout-flow\">\n<div style=\"height:80px\" aria-hidden=\"true\" class=\"wp-block-spacer\"><\/div>\n\n\n\n<div class=\"wp-block-columns are-vertically-aligned-center is-layout-flex wp-container-core-columns-is-layout-9d6595d7 wp-block-columns-is-layout-flex\">\n<div class=\"wp-block-column is-vertically-aligned-center is-layout-flow wp-block-column-is-layout-flow\" style=\"flex-basis:50%\">\n<figure class=\"wp-block-image size-large is-resized\"><img decoding=\"async\" src=\"https:\/\/www.aisgonter.com\/wp-content\/uploads\/2022\/01\/WhatsApp-Image-2022-01-24-at-22.36.44-576x1024.jpeg\" alt=\"\" class=\"wp-image-233\" width=\"425\" srcset=\"https:\/\/www.aisgonter.com\/wp-content\/uploads\/2022\/01\/WhatsApp-Image-2022-01-24-at-22.36.44-576x1024.jpeg 576w, https:\/\/www.aisgonter.com\/wp-content\/uploads\/2022\/01\/WhatsApp-Image-2022-01-24-at-22.36.44-169x300.jpeg 169w, https:\/\/www.aisgonter.com\/wp-content\/uploads\/2022\/01\/WhatsApp-Image-2022-01-24-at-22.36.44-768x1365.jpeg 768w, https:\/\/www.aisgonter.com\/wp-content\/uploads\/2022\/01\/WhatsApp-Image-2022-01-24-at-22.36.44-864x1536.jpeg 864w, https:\/\/www.aisgonter.com\/wp-content\/uploads\/2022\/01\/WhatsApp-Image-2022-01-24-at-22.36.44.jpeg 1152w\" sizes=\"(max-width: 576px) 100vw, 576px\" \/><\/figure>\n\n\n\n<h3 class=\"has-text-align-center has-neve-text-color-color has-text-color wp-block-heading\"><strong>Recubrimiento o acabado final<\/strong><\/h3>\n\n\n\n<p class=\"has-neve-link-color-color has-text-color\">Realizamos el recubrimiento o acabado final seg\u00fan lo requiera el cliente o la propia<br>instalaci\u00f3n, ofreciendo los siguientes acabados: aluminio 0\u20196mm &#8211; 0\u20198mm &#8211; 1mm, aluminio<br>lacado blanco, y acero inoxidable.<\/p>\n\n\n\n<div class=\"wp-block-buttons is-content-justification-center is-layout-flex wp-block-buttons-is-layout-flex\">\n<div class=\"wp-block-button is-style-primary\"><a class=\"wp-block-button__link\" href=\"#\">M\u00c1S INFORMACI\u00d3N<\/a><\/div>\n<\/div>\n\n\n\n<div style=\"height:40px\" aria-hidden=\"true\" class=\"wp-block-spacer\"><\/div>\n<\/div>\n\n\n\n<div class=\"wp-block-column is-vertically-aligned-center is-layout-flow wp-block-column-is-layout-flow\" style=\"flex-basis:50%\">\n<figure class=\"wp-block-image size-large\"><img loading=\"lazy\" decoding=\"async\" width=\"768\" height=\"1024\" src=\"https:\/\/www.aisgonter.com\/wp-content\/uploads\/2022\/01\/WhatsApp-Image-2022-01-24-at-12.01.40-768x1024.jpeg\" alt=\"\" class=\"wp-image-216\" srcset=\"https:\/\/www.aisgonter.com\/wp-content\/uploads\/2022\/01\/WhatsApp-Image-2022-01-24-at-12.01.40-768x1024.jpeg 768w, https:\/\/www.aisgonter.com\/wp-content\/uploads\/2022\/01\/WhatsApp-Image-2022-01-24-at-12.01.40-225x300.jpeg 225w, https:\/\/www.aisgonter.com\/wp-content\/uploads\/2022\/01\/WhatsApp-Image-2022-01-24-at-12.01.40-1152x1536.jpeg 1152w, https:\/\/www.aisgonter.com\/wp-content\/uploads\/2022\/01\/WhatsApp-Image-2022-01-24-at-12.01.40.jpeg 1200w\" sizes=\"auto, (max-width: 768px) 100vw, 768px\" \/><\/figure>\n\n\n\n<h3 class=\"has-text-align-center has-neve-text-color-color has-text-color wp-block-heading\">L\u00edneas de procesos<\/h3>\n\n\n\n<p class=\"has-neve-link-color-color has-text-color\">Realizamos el calorifugado y el recubrimiento de todo tipo de tuber\u00edas y equipos que exigen<br>mantener el producto dentro de un rango de temperatura limitado, evitando la p\u00e9rdida o<br>aumento de la misma durante todo el proceso.<\/p>\n\n\n\n<div class=\"wp-block-buttons is-content-justification-center is-layout-flex wp-block-buttons-is-layout-flex\">\n<div class=\"wp-block-button is-style-primary\"><a class=\"wp-block-button__link\" href=\"#\">M\u00c1S INFORMACI\u00d3N<\/a><\/div>\n<\/div>\n\n\n\n<div style=\"height:40px\" aria-hidden=\"true\" class=\"wp-block-spacer\"><\/div>\n<\/div>\n<\/div>\n\n\n\n<div style=\"height:40px\" aria-hidden=\"true\" class=\"wp-block-spacer\"><\/div>\n<\/div><\/div>\n<\/div><\/div>\n\n\n\n<div class=\"wp-block-cover alignfull has-nv-dark-bg-background-color has-background-dim\" style=\"min-height:300px;aspect-ratio:unset;\"><div class=\"wp-block-cover__inner-container is-layout-flow wp-block-cover-is-layout-flow\">\n<div style=\"height:80px\" aria-hidden=\"true\" class=\"wp-block-spacer\"><\/div>\n\n\n\n<h2 class=\"has-text-align-center wp-block-heading\">OFRECEMOS M\u00c1S SERVICIOS!<\/h2>\n\n\n\n<div class=\"wp-block-columns is-layout-flex wp-container-core-columns-is-layout-9d6595d7 wp-block-columns-is-layout-flex\">\n<div class=\"wp-block-column is-layout-flow wp-block-column-is-layout-flow\" style=\"flex-basis:100%\">\n<ul class=\"wp-block-list\"><li>Dep\u00f3sitos.<\/li><li>C\u00e1maras frigor\u00edficas.<\/li><li>Sala de m\u00e1quinas.<\/li><li>Instalaciones refrigerantes.<\/li><\/ul>\n<\/div>\n<\/div>\n<\/div><\/div>\n","protected":false},"excerpt":{"rendered":"","protected":false},"author":1,"featured_media":0,"parent":0,"menu_order":0,"comment_status":"closed","ping_status":"closed","template":"","meta":{"neve_meta_sidebar":"","neve_meta_container":"","neve_meta_enable_content_width":"on","neve_meta_content_width":100,"neve_meta_title_alignment":"","neve_meta_author_avatar":"","neve_post_elements_order":"","neve_meta_disable_header":"","neve_meta_disable_footer":"","neve_meta_disable_title":"on","footnotes":""},"class_list":["post-9","page","type-page","status-publish","hentry"],"jetpack_sharing_enabled":true,"_links":{"self":[{"href":"https:\/\/www.aisgonter.com\/index.php\/wp-json\/wp\/v2\/pages\/9","targetHints":{"allow":["GET"]}}],"collection":[{"href":"https:\/\/www.aisgonter.com\/index.php\/wp-json\/wp\/v2\/pages"}],"about":[{"href":"https:\/\/www.aisgonter.com\/index.php\/wp-json\/wp\/v2\/types\/page"}],"author":[{"embeddable":true,"href":"https:\/\/www.aisgonter.com\/index.php\/wp-json\/wp\/v2\/users\/1"}],"replies":[{"embeddable":true,"href":"https:\/\/www.aisgonter.com\/index.php\/wp-json\/wp\/v2\/comments?post=9"}],"version-history":[{"count":20,"href":"https:\/\/www.aisgonter.com\/index.php\/wp-json\/wp\/v2\/pages\/9\/revisions"}],"predecessor-version":[{"id":240,"href":"https:\/\/www.aisgonter.com\/index.php\/wp-json\/wp\/v2\/pages\/9\/revisions\/240"}],"wp:attachment":[{"href":"https:\/\/www.aisgonter.com\/index.php\/wp-json\/wp\/v2\/media?parent=9"}],"curies":[{"name":"wp","href":"https:\/\/api.w.org\/{rel}","templated":true}]}}